{"id":1152,"date":"2015-02-02T15:34:37","date_gmt":"2015-02-02T15:34:37","guid":{"rendered":"https:\/\/blakstad-bv.com\/projects-bv-2\/"},"modified":"2026-02-13T09:30:32","modified_gmt":"2026-02-13T09:30:32","slug":"projects-bv","status":"publish","type":"page","link":"https:\/\/blakstad-bv.com\/es\/projects-bv\/","title":{"rendered":"Projects BV"},"content":{"rendered":"<\/div><div class=\"split-section clearfix\"><div class=\"split-left split-twothird text-light\"><div class=\"split-wrapped-content \"><\/div><div class=\"split-bg \" style=\"background:url(https:\/\/blakstad-bv.com\/wp-content\/uploads\/2017\/01\/can-pep-den-pere-blakstad-bv.jpg) center center; background-size:cover;\" ><\/div><\/div> <!-- END .split-left --><div class=\"split-right split-onethird text-dark\"><div class=\"split-full-content \">\n<h4 class=\"  align-left\" data-bigletter=\"\"><strong>Can Pep d&#8217;en Pere<\/strong><\/h4>\n<div class=\"separator-small align-left\"><span><\/span><\/div>\n<h6 class=\"title-minimal alttitle align-left\" data-bigletter=\"\">\u00danica en su estilo, pero sin perder sus ra\u00edces ibicencas, este hogar es el ep\u00edtome del lujo org\u00e1nico.<\/h6>\n<div class=\"spacer spacer-small\"><\/div>\n<a href=\"https:\/\/blakstad-bv.com\/es\/portfolio\/can-pep-den-pere\/\" class=\"sr-button sr-button1 medium-button\"  target=\"_self\">Ver Proyecto<\/a>\n<p><img loading=\"lazy\" class=\"projects-img-gal aligncenter wp-image-3791 size-full\" src=\"https:\/\/blakstad-bv.com\/wp-content\/uploads\/2017\/01\/can-pep-den-pere-blakstad-bv.jpg\" alt=\"\" width=\"1701\" height=\"1022\" srcset=\"https:\/\/blakstad-bv.com\/wp-content\/uploads\/2017\/01\/can-pep-den-pere-blakstad-bv.jpg 1701w, https:\/\/blakstad-bv.com\/wp-content\/uploads\/2017\/01\/can-pep-den-pere-blakstad-bv-300x180.jpg 300w, https:\/\/blakstad-bv.com\/wp-content\/uploads\/2017\/01\/can-pep-den-pere-blakstad-bv-768x461.jpg 768w, https:\/\/blakstad-bv.com\/wp-content\/uploads\/2017\/01\/can-pep-den-pere-blakstad-bv-1024x615.jpg 1024w, https:\/\/blakstad-bv.com\/wp-content\/uploads\/2017\/01\/can-pep-den-pere-blakstad-bv-420x252.jpg 420w, https:\/\/blakstad-bv.com\/wp-content\/uploads\/2017\/01\/can-pep-den-pere-blakstad-bv-800x481.jpg 800w, https:\/\/blakstad-bv.com\/wp-content\/uploads\/2017\/01\/can-pep-den-pere-blakstad-bv-1100x661.jpg 1100w, https:\/\/blakstad-bv.com\/wp-content\/uploads\/2017\/01\/can-pep-den-pere-blakstad-bv-1690x1015.jpg 1690w\" sizes=\"(max-width: 1701px) 100vw, 1701px\" \/><\/p>\n<h6 class=\"title-minimal preq align-right\" data-bigletter=\"\">Vendido<\/h6>\n<\/div><\/div> <!-- END .split-right --><\/div> <!-- END .split-section --><div class=\"wrapper\">\n<\/div><div class=\"split-section clearfix\"><div class=\"split-right split-twothird text-light\"><div class=\"split-wrapped-content \"><\/div><div class=\"split-bg \" style=\"background:url(https:\/\/blakstad-bv.com\/wp-content\/uploads\/2018\/06\/CanSerra-acuarela4.jpg) center center; background-size:cover;\" ><\/div><\/div> <!-- END .split-right --><div class=\"split-right split-onethird text-dark\"><div class=\"split-full-content \">\n<h4 class=\"  align-left\" data-bigletter=\"\"><strong>Can Serra<\/strong><\/h4>\n<div class=\"separator-small align-left\"><span><\/span><\/div>\n<h6 class=\"title-minimal alttitle align-left\" data-bigletter=\"\">Un lujoso santuario ibicenco de sorprendente extensi\u00f3n, que abarca m\u00faltiples exclusivas viviendas de calidad impecable, resguardadas por la vegetaci\u00f3n aut\u00f3ctona que las rodea.<\/h6>\n<div class=\"spacer spacer-small\"><\/div>\n<a href=\"https:\/\/blakstad-bv.com\/es\/portfolio\/can-serra\/\" class=\"sr-button sr-button1 medium-button\"  target=\"_self\">Ver Proyecto<\/a>\n<p><img loading=\"lazy\" class=\"projects-img-gal aligncenter wp-image-1879 size-large\" src=\"https:\/\/blakstad-bv.com\/wp-content\/uploads\/2018\/06\/CanSerra-acuarela4.jpg\" width=\"1024\" height=\"\" \/><\/p>\n<h6 class=\"title-minimal preq align-right\" data-bigletter=\"\">Vendido<\/h6>\n<\/div><\/div> <!-- END .split-right --><\/div> <!-- END .split-section --><div class=\"wrapper\">\n<\/div><div class=\"split-section clearfix\"><div class=\"split-left split-twothird text-light\"><div class=\"split-wrapped-content \"><\/div><div class=\"split-bg \" style=\"background:url(https:\/\/blakstad-bv.com\/wp-content\/uploads\/2018\/05\/C3EXT-copyacuarela21-1.jpg) center center; background-size:cover;\" ><\/div><\/div> <!-- END .split-left --><div class=\"split-right split-onethird text-dark\"><div class=\"split-full-content \">\n<h4 class=\"  align-left\" data-bigletter=\"\"><strong>Can Sans<\/strong><\/h4>\n<div class=\"separator-small align-left\"><span><\/span><\/div>\n<h6 class=\"title-minimal alttitle align-left\" data-bigletter=\"\">Una magn\u00edfica finca rural ampliada en los a\u00f1os 40 y ubicada en el coraz\u00f3n de Ibiza<\/h6>\n<div class=\"spacer spacer-small\"><\/div>\n<a href=\"https:\/\/blakstad-bv.com\/es\/portfolio\/can-sans\/\" class=\"sr-button sr-button1 medium-button\"  target=\"_self\">Ver Proyecto<\/a>\n<p><img loading=\"lazy\" class=\"projects-img-gal aligncenter wp-image-1881 size-large\" src=\"https:\/\/blakstad-bv.com\/wp-content\/uploads\/2018\/05\/C3EXT-copyacuarela21-1.jpg\" width=\"1400\" height=\"788\" \/><\/p>\n<h6 class=\"title-minimal preq align-right\" data-bigletter=\"\">8,850,000 EUR<\/h6>\n<\/div><\/div> <!-- END .split-right --><\/div> <!-- END .split-section --><div class=\"wrapper\">\n<\/div><div class=\"split-section clearfix\"><div class=\"split-right split-twothird text-light\"><div class=\"split-wrapped-content \"><\/div><div class=\"split-bg \" style=\"background:url(https:\/\/blakstad-bv.com\/wp-content\/uploads\/2018\/06\/acuarela1.jpg) center center; background-size:cover;\" ><\/div><\/div> <!-- END .split-right --><div class=\"split-right split-onethird text-dark\"><div class=\"split-full-content \">\n<h4 class=\"  align-left\" data-bigletter=\"\"><strong>Can Puig d&#8217;en Rich<\/strong><\/h4><div class=\"separator-small align-left\"><span><\/span><\/div><h6 class=\"title-minimal alttitle align-left\" data-bigletter=\"\">En una zona privilegiada del centro de la isla se encuentra esta formidable finca de piedra seca, t\u00edpica de principios de siglo. <\/h6><div class=\"spacer spacer-small\"><\/div><a href=\"https:\/\/blakstad-bv.com\/es\/portfolio\/can-puig-den-rich\/\" class=\"sr-button sr-button1 medium-button\"  target=\"_self\">Ver Proyecto<\/a><\/p>\n<p><img loading=\"lazy\" class=\"projects-img-gal aligncenter wp-image-4113 size-full\" src=\"https:\/\/blakstad-bv.com\/wp-content\/uploads\/2018\/06\/acuarela1.jpg\" alt=\"\" width=\"1400\" height=\"788\" srcset=\"https:\/\/blakstad-bv.com\/wp-content\/uploads\/2018\/06\/acuarela1.jpg 1400w, https:\/\/blakstad-bv.com\/wp-content\/uploads\/2018\/06\/acuarela1-300x169.jpg 300w, https:\/\/blakstad-bv.com\/wp-content\/uploads\/2018\/06\/acuarela1-768x432.jpg 768w, https:\/\/blakstad-bv.com\/wp-content\/uploads\/2018\/06\/acuarela1-1024x576.jpg 1024w, https:\/\/blakstad-bv.com\/wp-content\/uploads\/2018\/06\/acuarela1-420x236.jpg 420w, https:\/\/blakstad-bv.com\/wp-content\/uploads\/2018\/06\/acuarela1-800x450.jpg 800w, https:\/\/blakstad-bv.com\/wp-content\/uploads\/2018\/06\/acuarela1-1100x619.jpg 1100w\" sizes=\"(max-width: 1400px) 100vw, 1400px\" \/><\/p>\n<h6 class=\"title-minimal preq align-right\" data-bigletter=\"\">8,850,000 EUR<\/h6>\n<\/div><\/div> <!-- END .split-right --><\/div> <!-- END .split-section --><div class=\"wrapper\">\n","protected":false},"excerpt":{"rendered":"","protected":false},"author":1,"featured_media":0,"parent":0,"menu_order":0,"comment_status":"closed","ping_status":"closed","template":"","meta":[],"_links":{"self":[{"href":"https:\/\/blakstad-bv.com\/es\/wp-json\/wp\/v2\/pages\/1152"}],"collection":[{"href":"https:\/\/blakstad-bv.com\/es\/wp-json\/wp\/v2\/pages"}],"about":[{"href":"https:\/\/blakstad-bv.com\/es\/wp-json\/wp\/v2\/types\/page"}],"author":[{"embeddable":true,"href":"https:\/\/blakstad-bv.com\/es\/wp-json\/wp\/v2\/users\/1"}],"replies":[{"embeddable":true,"href":"https:\/\/blakstad-bv.com\/es\/wp-json\/wp\/v2\/comments?post=1152"}],"version-history":[{"count":69,"href":"https:\/\/blakstad-bv.com\/es\/wp-json\/wp\/v2\/pages\/1152\/revisions"}],"predecessor-version":[{"id":4309,"href":"https:\/\/blakstad-bv.com\/es\/wp-json\/wp\/v2\/pages\/1152\/revisions\/4309"}],"wp:attachment":[{"href":"https:\/\/blakstad-bv.com\/es\/wp-json\/wp\/v2\/media?parent=1152"}],"curies":[{"name":"wp","href":"https:\/\/api.w.org\/{rel}","templated":true}]}}